{"id":25,"date":"2019-05-23T10:33:01","date_gmt":"2019-05-23T08:33:01","guid":{"rendered":"http:\/\/localhost:8888\/wordpress-bb\/?page_id=25"},"modified":"2026-04-18T12:46:54","modified_gmt":"2026-04-18T10:46:54","slug":"impressum","status":"publish","type":"page","link":"https:\/\/hrexpert.de\/en\/impressum\/","title":{"rendered":"Imprint"},"content":{"rendered":"<h2 class=\"wp-block-heading\">Imprint<\/h2>\n\n\n\n<p><strong>Angaben gem\u00e4\u00df \u00a7<\/strong><strong>\u202f<\/strong><strong>5 Digitale<\/strong><strong>Dienste<\/strong><strong>Gesetz (DDG)<\/strong><\/p>\n\n\n\n<p><strong>Name und Anschrift:<\/strong><\/p>\n\n\n\n<p>hr expert \u2013 Externes Personalmanagement<\/p>\n\n\n\n<p>Rechtsanwalt Joachim B\u00fcchsensch\u00fctz&nbsp;<\/p>\n\n\n\n<p>Ahrstra\u00dfe 17,&nbsp;53859 Niederkassel,&nbsp;Deutschland<\/p>\n\n\n\n<p><strong>Kontakt<\/strong><strong>:<\/strong><\/p>\n\n\n\n<p>Telefon: (+49) 228 368 30 30 8&nbsp;<\/p>\n\n\n\n<p>Mobil: (+49) 172 255 3586&nbsp;<\/p>\n\n\n\n<p>EMail:&nbsp;<a href=\"mailto:jb@hrexpert.de\">jb@hrexpert.de<\/a><\/p>\n\n\n\n<p>Web:&nbsp;<a href=\"https:\/\/hrexpert.de\/en\/\">www.hrexpert.de<\/a><\/p>\n\n\n\n<p><strong>Berufsbezeichnung und zust\u00e4ndige Kammer<\/strong><\/p>\n\n\n\n<p>Berufsbezeichnung:&nbsp;<\/p>\n\n\n\n<p>Rechtsanwalt (verliehen in der Bundesrepublik Deutschland)&nbsp;<\/p>\n\n\n\n<p>Zust\u00e4ndige Rechtsanwaltskammer:&nbsp;<\/p>\n\n\n\n<p>Rechtsanwaltskammer K\u00f6ln,&nbsp;Riehler Stra\u00dfe 30,&nbsp;50668 K\u00f6ln&nbsp;<\/p>\n\n\n\n<p>www.rak-koeln.de<\/p>\n\n\n\n<p><strong>Berufsrechtliche Regelungen<\/strong><\/p>\n\n\n\n<p>Es gelten die folgenden berufsrechtlichen Regelungen:<\/p>\n\n\n\n<ul class=\"wp-block-list\">\n<li>Bundesrechtsanwaltsordnung (BRAO)<\/li>\n<\/ul>\n\n\n\n<ul class=\"wp-block-list\">\n<li>Berufsordnung f\u00fcr Rechtsanw\u00e4lte (BORA)<\/li>\n<\/ul>\n\n\n\n<ul class=\"wp-block-list\">\n<li>Rechtsanwaltsverg\u00fctungsgesetz (RVG)<\/li>\n<\/ul>\n\n\n\n<ul class=\"wp-block-list\">\n<li>Rechtsanwaltsverg\u00fctungsgesetz (RVG)<\/li>\n<\/ul>\n\n\n\n<ul class=\"wp-block-list\">\n<li>Fachanwaltsordnung (FAO)<\/li>\n<\/ul>\n\n\n\n<ul class=\"wp-block-list\">\n<li>Gesetz \u00fcber die T\u00e4tigkeit europ\u00e4ischer Rechtsanw\u00e4lte in Deutschland (EuRAG)<\/li>\n<\/ul>\n\n\n\n<p>Die Regelungen sind abrufbar auf der Website der Bundesrechtsanwaltskammer: www.brak.de<\/p>\n\n\n\n<p><strong>Berufshaftpflichtversicherung<\/strong><\/p>\n\n\n\n<p>Versicherer:&nbsp;<\/p>\n\n\n\n<p>Allianz Versicherungs AG, 10900 Berlin<\/p>\n\n\n\n<p><strong>Verantwortlich f\u00fcr den Inhalt nach \u00a7<\/strong><strong>\u202f<\/strong><strong>18 Abs.<\/strong><strong>\u202f<\/strong><strong>2 MStV<\/strong><\/p>\n\n\n\n<p>Joachim B\u00fcchsensch\u00fctz, Ahrstra\u00dfe 17, 53859 Niederkassel<\/p>\n\n\n\n<p><strong>Hinweis auf EU<\/strong><strong>Streitbeilegung<\/strong><\/p>\n\n\n\n<p>Die Europ\u00e4ische Kommission stellt eine Plattform zur OnlineStreitbeilegung bereit: https:\/\/ec.europa.eu\/consumers\/odr&nbsp;<\/p>\n\n\n\n<p>Ich bin nicht verpflichtet und nicht bereit, an Streitbeilegungsverfahren vor einer Verbraucherschlichtungsstelle teilzunehmen.<\/p>\n\n\n\n<p><strong>Haftungshinweise<\/strong><\/p>\n\n\n\n<p><strong>Haftung f\u00fcr Inhalte<\/strong><\/p>\n\n\n\n<p>Die Inhalte dieser Website werden mit gr\u00f6\u00dfter Sorgfalt erstellt. F\u00fcr die Richtigkeit, Vollst\u00e4ndigkeit und Aktualit\u00e4t der Inhalte kann jedoch keine Gew\u00e4hr \u00fcbernommen werden. Als Diensteanbieter bin ich gem\u00e4\u00df \u00a7\u202f7 Abs.\u202f1 DDG f\u00fcr eigene Inhalte auf diesen Seiten nach den allgemeinen Gesetzen verantwortlich. Nach \u00a7\u00a7\u202f8\u201310 DDG besteht keine Verpflichtung, \u00fcbermittelte oder gespeicherte fremde Informationen zu \u00fcberwachen oder nach Umst\u00e4nden zu forschen, die auf eine rechtswidrige T\u00e4tigkeit hinweisen. Verpflichtungen zur Entfernung oder Sperrung der Nutzung von Informationen nach den allgemeinen Gesetzen bleiben hiervon unber\u00fchrt.<\/p>\n\n\n\n<p><strong>Haftung f\u00fcr Links<\/strong><\/p>\n\n\n\n<p>Diese Website enth\u00e4lt Links zu externen Websites Dritter, auf deren Inhalte ich keinen Einfluss habe. F\u00fcr die Inhalte der verlinkten Seiten ist stets der jeweilige Anbieter oder Betreiber verantwortlich. Bei Verlinkung wurden die Seiten auf m\u00f6gliche Rechtsverst\u00f6\u00dfe \u00fcberpr\u00fcft; rechtswidrige Inhalte waren zu diesem Zeitpunkt nicht erkennbar. Eine permanente inhaltliche Kontrolle der verlinkten Seiten ist ohne konkrete Anhaltspunkte einer Rechtsverletzung nicht zumutbar. Bei Bekanntwerden von Rechtsverletzungen werden entsprechende Links umgehend entfernt.<\/p>","protected":false},"excerpt":{"rendered":"<p>Impressum Angaben gem\u00e4\u00df \u00a7\u202f5 DigitaleDiensteGesetz (DDG) Name und Anschrift: hr expert \u2013 Externes Personalmanagement Rechtsanwalt Joachim B\u00fcchsensch\u00fctz&nbsp; Ahrstra\u00dfe 17,&nbsp;53859 Niederkassel,&nbsp;Deutschland Kontakt: Telefon: (+49) 228 368 30 30 8&nbsp; Mobil: (+49) 172 255 3586&nbsp; EMail:&nbsp;jb@hrexpert.de Web:&nbsp;www.hrexpert.de Berufsbezeichnung und zust\u00e4ndige Kammer Berufsbezeichnung:&nbsp; Rechtsanwalt (verliehen in der Bundesrepublik Deutschland)&nbsp; Zust\u00e4ndige Rechtsanwaltskammer:&nbsp; Rechtsanwaltskammer K\u00f6ln,&nbsp;Riehler Stra\u00dfe 30,&nbsp;50668 K\u00f6ln&nbsp; www.rak-koeln.de Berufsrechtliche [&hellip;]<\/p>\n","protected":false},"author":1,"featured_media":631,"parent":0,"menu_order":110,"comment_status":"closed","ping_status":"closed","template":"","meta":{"_uag_custom_page_level_css":"","footnotes":""},"class_list":["post-25","page","type-page","status-publish","has-post-thumbnail","hentry"],"uagb_featured_image_src":{"full":["https:\/\/hrexpert.de\/wp-content\/uploads\/2019\/07\/HR-Expert-Shooting-30.jpg",1440,600,false],"thumbnail":["https:\/\/hrexpert.de\/wp-content\/uploads\/2019\/07\/HR-Expert-Shooting-30-150x150.jpg",150,150,true],"medium":["https:\/\/hrexpert.de\/wp-content\/uploads\/2019\/07\/HR-Expert-Shooting-30-300x125.jpg",300,125,true],"medium_large":["https:\/\/hrexpert.de\/wp-content\/uploads\/2019\/07\/HR-Expert-Shooting-30-768x320.jpg",768,320,true],"large":["https:\/\/hrexpert.de\/wp-content\/uploads\/2019\/07\/HR-Expert-Shooting-30-1024x427.jpg",1024,427,true],"1536x1536":["https:\/\/hrexpert.de\/wp-content\/uploads\/2019\/07\/HR-Expert-Shooting-30.jpg",1440,600,false],"2048x2048":["https:\/\/hrexpert.de\/wp-content\/uploads\/2019\/07\/HR-Expert-Shooting-30.jpg",1440,600,false],"trp-custom-language-flag":["https:\/\/hrexpert.de\/wp-content\/uploads\/2019\/07\/HR-Expert-Shooting-30.jpg",18,8,false],"slider-image":["https:\/\/hrexpert.de\/wp-content\/uploads\/2019\/07\/HR-Expert-Shooting-30.jpg",1440,600,false],"header-image":["https:\/\/hrexpert.de\/wp-content\/uploads\/2019\/07\/HR-Expert-Shooting-30-1440x520.jpg",1440,520,true],"ref-image":["https:\/\/hrexpert.de\/wp-content\/uploads\/2019\/07\/HR-Expert-Shooting-30-400x300.jpg",400,300,true],"icon":["https:\/\/hrexpert.de\/wp-content\/uploads\/2019\/07\/HR-Expert-Shooting-30-180x180.jpg",180,180,true]},"uagb_author_info":{"display_name":"duf_admin","author_link":"https:\/\/hrexpert.de\/en\/author\/duf_admin\/"},"uagb_comment_info":0,"uagb_excerpt":"Impressum Angaben gem\u00e4\u00df \u00a7\u202f5 DigitaleDiensteGesetz (DDG) Name und Anschrift: hr expert \u2013 Externes Personalmanagement Rechtsanwalt Joachim B\u00fcchsensch\u00fctz&nbsp; Ahrstra\u00dfe 17,&nbsp;53859 Niederkassel,&nbsp;Deutschland Kontakt: Telefon: (+49) 228 368 30 30 8&nbsp; Mobil: (+49) 172 255 3586&nbsp; EMail:&nbsp;jb@hrexpert.de Web:&nbsp;www.hrexpert.de Berufsbezeichnung und zust\u00e4ndige Kammer Berufsbezeichnung:&nbsp; Rechtsanwalt (verliehen in der Bundesrepublik Deutschland)&nbsp; Zust\u00e4ndige Rechtsanwaltskammer:&nbsp; Rechtsanwaltskammer K\u00f6ln,&nbsp;Riehler Stra\u00dfe 30,&nbsp;50668 K\u00f6ln&nbsp; www.rak-koeln.de Berufsrechtliche&hellip;","_links":{"self":[{"href":"https:\/\/hrexpert.de\/en\/wp-json\/wp\/v2\/pages\/25","targetHints":{"allow":["GET"]}}],"collection":[{"href":"https:\/\/hrexpert.de\/en\/wp-json\/wp\/v2\/pages"}],"about":[{"href":"https:\/\/hrexpert.de\/en\/wp-json\/wp\/v2\/types\/page"}],"author":[{"embeddable":true,"href":"https:\/\/hrexpert.de\/en\/wp-json\/wp\/v2\/users\/1"}],"replies":[{"embeddable":true,"href":"https:\/\/hrexpert.de\/en\/wp-json\/wp\/v2\/comments?post=25"}],"version-history":[{"count":9,"href":"https:\/\/hrexpert.de\/en\/wp-json\/wp\/v2\/pages\/25\/revisions"}],"predecessor-version":[{"id":972,"href":"https:\/\/hrexpert.de\/en\/wp-json\/wp\/v2\/pages\/25\/revisions\/972"}],"wp:featuredmedia":[{"embeddable":true,"href":"https:\/\/hrexpert.de\/en\/wp-json\/wp\/v2\/media\/631"}],"wp:attachment":[{"href":"https:\/\/hrexpert.de\/en\/wp-json\/wp\/v2\/media?parent=25"}],"curies":[{"name":"wp","href":"https:\/\/api.w.org\/{rel}","templated":true}]}}